{"id":7981,"date":"2025-05-25T23:11:43","date_gmt":"2025-05-25T21:11:43","guid":{"rendered":"https:\/\/medhp.ro\/?post_type=product&#038;p=7981"},"modified":"2025-05-25T23:11:43","modified_gmt":"2025-05-25T21:11:43","slug":"ventilator-medical-de-transport-mindray-tv-80","status":"publish","type":"product","link":"https:\/\/medhp.ro\/?product=ventilator-medical-de-transport-mindray-tv-80","title":{"rendered":"Ventilator medical de transport  Mindray TV 80"},"content":{"rendered":"<table>\n<tbody>\n<tr>\n<td><strong>Dimensiuni (HxLxP)<\/strong><\/td>\n<td><strong>222 mm x 294 mm x 210 mm (f\u0103r\u0103 c\u0103rucior)<\/strong><\/td>\n<\/tr>\n<tr>\n<td><strong>Greutate<\/strong><\/td>\n<td><strong>Aproximativ 4,5 kg (f\u0103r\u0103 c\u0103rucior)<\/strong><\/td>\n<\/tr>\n<tr>\n<td><strong>Ecran<\/strong><\/td>\n<td><strong>TFT capacitiv, 7\u201d touchscreen<\/strong><\/td>\n<\/tr>\n<tr>\n<td><strong>Rezolu\u021bie<\/strong><\/td>\n<td><strong>800 x 480 pixeli<\/strong><\/td>\n<\/tr>\n<tr>\n<td><strong>Luminozitate<\/strong><\/td>\n<td><strong>Reglabil\u0103 manual\/automat<\/strong><\/td>\n<\/tr>\n<\/tbody>\n<\/table>\n<p><strong>\u00a0Interfa\u021b\u0103 \u0219i Conectivitate<\/strong><\/p>\n<table>\n<tbody>\n<tr>\n<td><strong>Interfe\u021be<\/strong><\/td>\n<td><strong>USB, Ethernet, wireless, 5G, Bluetooth<\/strong><\/td>\n<\/tr>\n<tr>\n<td><strong>Montare<\/strong><\/td>\n<td><strong>M\u00e2ner, doc, c\u0103rucior<\/strong><\/td>\n<\/tr>\n<\/tbody>\n<\/table>\n<p><strong>\u00a0Tip Pacient \u0219i Moduri Ventila\u021bie<\/strong><\/p>\n<table>\n<tbody>\n<tr>\n<td><strong>Tip pacient<\/strong><\/td>\n<td><strong>Adult, Pediatric, Sugar<\/strong><\/td>\n<\/tr>\n<tr>\n<td><strong>Moduri de ventila\u021bie<\/strong><\/td>\n<td><strong>V-A\/C, P-A\/C, V-SIMV, P-SIMV, DuoLevel, CPAP, PSV, VS, APRV, PRVC, PRVC-SIMV, AMV, CPRV, NIV, nCPAP, etc.<\/strong><\/td>\n<\/tr>\n<tr>\n<td><strong>Moduri speciale<\/strong><\/td>\n<td><strong>Apnee Ventilation, Sigh, IntelliCycle, Nebulizare, Insp\/Exp Hold<\/strong><\/td>\n<\/tr>\n<\/tbody>\n<\/table>\n<p><strong>\u00a0Parametri Controla\u021bi<\/strong><\/p>\n<table>\n<tbody>\n<tr>\n<td><strong>Tidal Volume (TV)<\/strong><\/td>\n<td><strong>Adult: 100-4000 ml, Pediatric: 20-300 ml, Sugar: 20-100 ml<\/strong><\/td>\n<\/tr>\n<tr>\n<td><strong>Frecven\u021b\u0103 (f)<\/strong><\/td>\n<td><strong>1\u2013100\/min (Adult\/Ped); Sugar: p\u00e2n\u0103 la 150\/min<\/strong><\/td>\n<\/tr>\n<tr>\n<td><strong>Frecven\u021b\u0103 SIMV<\/strong><\/td>\n<td><strong>1\u201360\/min<\/strong><\/td>\n<\/tr>\n<tr>\n<td><strong>I:E<\/strong><\/td>\n<td><strong>1:10 \u2013 4:1<\/strong><\/td>\n<\/tr>\n<tr>\n<td><strong>Tinsp<\/strong><\/td>\n<td><strong>0.10 \u2013 10.00 s<\/strong><\/td>\n<\/tr>\n<tr>\n<td><strong>Tslope<\/strong><\/td>\n<td><strong>0.00 \u2013 2.00 s<\/strong><\/td>\n<\/tr>\n<tr>\n<td><strong>Tpause<\/strong><\/td>\n<td><strong>OFF, 5% \u2013 60%<\/strong><\/td>\n<\/tr>\n<tr>\n<td><strong>Tlow\/Thigh<\/strong><\/td>\n<td><strong>0.20 \u2013 30.00 s \/ 0.10 \u2013 30.00 s<\/strong><\/td>\n<\/tr>\n<tr>\n<td><strong>PEEP, Phigh, Plow, \u2206Pinsp, \u2206Psupp<\/strong><\/td>\n<td><strong>0 \u2013 50\/60\/100 cmH\u2082O (\u00een func\u021bie de parametru)<\/strong><\/td>\n<\/tr>\n<tr>\n<td><strong>Trigger presiune\/debit<\/strong><\/td>\n<td><strong>Presiune: -20 \u2013 -0.5 cmH\u2082O \/ Debit: 0.1 \u2013 20 L\/min<\/strong><\/td>\n<\/tr>\n<\/tbody>\n<\/table>\n<p><strong>Parametri Monitoriza\u021bi<\/strong><\/p>\n<table>\n<tbody>\n<tr>\n<td><strong>Presiuni<\/strong><\/td>\n<td><strong>Ppeak, Pplat, Pmean: -20 \u2013 120 cmH\u2082O; PEEP: 0 \u2013 120 cmH\u2082O<\/strong><\/td>\n<\/tr>\n<tr>\n<td><strong>Volum curent<\/strong><\/td>\n<td><strong>TVi, TVe, TVe spn: 0 \u2013 6000 mL<\/strong><\/td>\n<\/tr>\n<tr>\n<td><strong>Minute volume (MV)<\/strong><\/td>\n<td><strong>0 \u2013 100 L\/min (Adult\/Ped); 0 \u2013 30 L\/min (Sugar)<\/strong><\/td>\n<\/tr>\n<tr>\n<td><strong>Rezisten\u021b\u0103 \u0219i conformitate<\/strong><\/td>\n<td><strong>Rinsp\/Rexp: 0 \u2013 600 cmH\u2082O\/L\/s; Cstat\/Cdyn: p\u00e2n\u0103 la 300 mL\/cmH\u2082O<\/strong><\/td>\n<\/tr>\n<tr>\n<td><strong>FiO\u2082<\/strong><\/td>\n<td><strong>15 \u2013 100 vol.%<\/strong><\/td>\n<\/tr>\n<tr>\n<td><strong>WOB<\/strong><\/td>\n<td><strong>0 \u2013 100 J\/min<\/strong><\/td>\n<\/tr>\n<tr>\n<td><strong>P0.1, NIF<\/strong><\/td>\n<td><strong>P0.1: -20 \u2013 0 cmH\u2082O; NIF: -45 \u2013 0 cmH\u2082O<\/strong><\/td>\n<\/tr>\n<\/tbody>\n<\/table>\n<p><strong>Set\u0103ri Alarme<\/strong><\/p>\n<table>\n<tbody>\n<tr>\n<td><strong>TV (volum curent)<\/strong><\/td>\n<td><strong>Sugari: 5\u2013200 mL; Pediatric: 10\u2013600 mL; Adult: 50\u20135995 mL<\/strong><\/td>\n<\/tr>\n<tr>\n<td><strong>MV (volum pe minut)<\/strong><\/td>\n<td><strong>Sugari: 0.01\u201330 L\/min; Pediatric: 0.1\u201360 L\/min; Adult: 0.1\u2013100 L\/min<\/strong><\/td>\n<\/tr>\n<tr>\n<td><strong>Presiune c\u0103i aeriene<\/strong><\/td>\n<td><strong>High: 10\u2013105 cmH\u2082O \/ Low: OFF\u2013100 cmH\u2082O<\/strong><\/td>\n<\/tr>\n<tr>\n<td><strong>Frecven\u021b\u0103<\/strong><\/td>\n<td><strong>High: OFF\u2013160\/min \/ Low: OFF\u2013159\/min<\/strong><\/td>\n<\/tr>\n<tr>\n<td><strong>FiO\u2082 Alarm\u0103<\/strong><\/td>\n<td><strong>High: Valoare setat\u0103 + max(7 vol.% sau +10%); Low: -7% sau -10%<\/strong><\/td>\n<\/tr>\n<tr>\n<td><strong>Apnee<\/strong><\/td>\n<td><strong>5 \u2013 60 s<\/strong><\/td>\n<\/tr>\n<\/tbody>\n<\/table>\n<p><strong>\u00a0Alimentare \u0219i Baterie<\/strong><\/p>\n<table>\n<tbody>\n<tr>\n<td><strong>Alimentare AC<\/strong><\/td>\n<td><strong>100 \u2013 240 V, 50\/60 Hz, 2.2 \u2013 1.0 A<\/strong><\/td>\n<\/tr>\n<tr>\n<td><strong>Alimentare DC<\/strong><\/td>\n<td><strong>12 \u2013 28 V, 3.5 \u2013 6.5 A<\/strong><\/td>\n<\/tr>\n<tr>\n<td><strong>Siguran\u021b\u0103<\/strong><\/td>\n<td><strong>T3.15A\/250V<\/strong><\/td>\n<\/tr>\n<tr>\n<td><strong>Tip baterie<\/strong><\/td>\n<td><strong>Litiu-ion 14.4 VDC, 6600 mAh<\/strong><\/td>\n<\/tr>\n<tr>\n<td><strong>Durat\u0103 baterie<\/strong><\/td>\n<td><strong>300 min (1 baterie) \/ 600 min (2 baterii)<\/strong><\/td>\n<\/tr>\n<tr>\n<td><strong>Timp \u00eenc\u0103rcare<\/strong><\/td>\n<td><strong>4 h (1 baterie la 90%) \/ 6 h (2 baterii la 90%)<\/strong><\/td>\n<\/tr>\n<\/tbody>\n<\/table>\n<p><strong>\u00a0Mediu de operare<\/strong><\/p>\n<table>\n<tbody>\n<tr>\n<td><strong>Temperatur\u0103<\/strong><\/td>\n<td><strong>Operare: -20\u00b0C \u2013 50\u00b0C \/ Stocare: -20\u00b0C \u2013 60\u00b0C<\/strong><\/td>\n<\/tr>\n<tr>\n<td><strong>Umiditate<\/strong><\/td>\n<td><strong>5 \u2013 95% RH<\/strong><\/td>\n<\/tr>\n<tr>\n<td><strong>Presiune barometric\u0103<\/strong><\/td>\n<td><strong>Operare: 37.6 \u2013 110 kPa \/ Stocare: 60 \u2013 130 kPa<\/strong><\/td>\n<\/tr>\n<tr>\n<td><strong>Compensare altitudine<\/strong><\/td>\n<td><strong>Automat<\/strong><\/td>\n<\/tr>\n<\/tbody>\n<\/table>\n<p><strong>\u00a0Trenduri \u0219i Memorare<\/strong><\/p>\n<table>\n<tbody>\n<tr>\n<td><strong>Tip Trend<\/strong><\/td>\n<td><strong>Tabular, Grafic<\/strong><\/td>\n<\/tr>\n<tr>\n<td><strong>Durat\u0103 Trend<\/strong><\/td>\n<td><strong>120 ore<\/strong><\/td>\n<\/tr>\n<tr>\n<td><strong>Num\u0103r capturi ecran<\/strong><\/td>\n<td><strong>50 imagini<\/strong><\/td>\n<\/tr>\n<tr>\n<td><strong>Num\u0103r evenimente jurnal<\/strong><\/td>\n<td><strong>10.000<\/strong><\/td>\n<\/tr>\n<\/tbody>\n<\/table>\n<p><strong>\u00a0Securitate &amp; Certific\u0103ri<\/strong><\/p>\n<table>\n<tbody>\n<tr>\n<td><strong>Clasificare siguran\u021b\u0103<\/strong><\/td>\n<td><strong>Clasa IIb<\/strong><\/td>\n<\/tr>\n<tr>\n<td><strong>Protec\u021bie ap\u0103<\/strong><\/td>\n<td><strong>IP54<\/strong><\/td>\n<\/tr>\n<tr>\n<td><strong>Standarde<\/strong><\/td>\n<td><strong>ISO 80601-2-12, ISO 80601-2-61, IEC60601-1, etc.<\/strong><\/td>\n<\/tr>\n<\/tbody>\n<\/table>\n","protected":false},"excerpt":{"rendered":"<p>Ventilatorul de transport TV80 ofer\u0103 o solu\u021bie eficient\u0103 pentru transportul intraspitalicesc prin integrarea ventilatorului, a monitorului pacientului, a pompei de perfuzie \u0219i a buteliei de oxigen de \u00eenalt\u0103 presiune \u00eentr-o singur\u0103 platform\u0103. Aceast\u0103 integrare contribuie la optimizarea \u0219i reducerea timpului necesar pentru preg\u0103tirea transportului.<\/p>\n","protected":false},"featured_media":7982,"template":"","meta":[],"product_brand":[152],"product_cat":[206],"product_tag":[],"class_list":{"0":"post-7981","1":"product","2":"type-product","3":"status-publish","4":"has-post-thumbnail","6":"product_brand-mindray","7":"product_cat-neonatologie","10":"instock","11":"shipping-taxable","12":"product-type-simple"},"_links":{"self":[{"href":"https:\/\/medhp.ro\/index.php?rest_route=\/wp\/v2\/product\/7981","targetHints":{"allow":["GET"]}}],"collection":[{"href":"https:\/\/medhp.ro\/index.php?rest_route=\/wp\/v2\/product"}],"about":[{"href":"https:\/\/medhp.ro\/index.php?rest_route=\/wp\/v2\/types\/product"}],"version-history":[{"count":1,"href":"https:\/\/medhp.ro\/index.php?rest_route=\/wp\/v2\/product\/7981\/revisions"}],"predecessor-version":[{"id":7983,"href":"https:\/\/medhp.ro\/index.php?rest_route=\/wp\/v2\/product\/7981\/revisions\/7983"}],"wp:featuredmedia":[{"embeddable":true,"href":"https:\/\/medhp.ro\/index.php?rest_route=\/wp\/v2\/media\/7982"}],"wp:attachment":[{"href":"https:\/\/medhp.ro\/index.php?rest_route=%2Fwp%2Fv2%2Fmedia&parent=7981"}],"wp:term":[{"taxonomy":"product_brand","embeddable":true,"href":"https:\/\/medhp.ro\/index.php?rest_route=%2Fwp%2Fv2%2Fproduct_brand&post=7981"},{"taxonomy":"product_cat","embeddable":true,"href":"https:\/\/medhp.ro\/index.php?rest_route=%2Fwp%2Fv2%2Fproduct_cat&post=7981"},{"taxonomy":"product_tag","embeddable":true,"href":"https:\/\/medhp.ro\/index.php?rest_route=%2Fwp%2Fv2%2Fproduct_tag&post=7981"}],"curies":[{"name":"wp","href":"https:\/\/api.w.org\/{rel}","templated":true}]}}