{"id":7905,"date":"2025-05-23T01:06:11","date_gmt":"2025-05-22T23:06:11","guid":{"rendered":"https:\/\/medhp.ro\/?post_type=product&#038;p=7905"},"modified":"2025-05-23T01:06:12","modified_gmt":"2025-05-22T23:06:12","slug":"unitatea-mdt-eco-plus","status":"publish","type":"product","link":"https:\/\/medhp.ro\/?product=unitatea-mdt-eco-plus","title":{"rendered":"Unitatea MDT ECO PLUS"},"content":{"rendered":"<p><strong>Dimensiuni unitate<\/strong><\/p>\n<p><strong>\u00a0\u00a0\u00a0\u00a0\u00a0\u00a0\u00a0\u00a0\u00a0\u00a0\u00a0\u00a0\u00a0\u00a0\u00a0\u00a0\u00a0\u00a0\u00a0\u00a0\u00a0\u00a0\u00a0\u00a0COMFORT CHAIR\u00a0\u00a0\u00a0\u00a0\u00a0\u00a0\u00a0\u00a0 \u00a0\u00a0\u00a0\u00a0\u00a0\u00a0\u00a0\u00a0\u00a0\u00a0\u00a0\u00a0\u00a0 PREMIUM CHAIR<\/strong><\/p>\n<p><strong>Latime totala: <\/strong>\u00a0\u00a0\u00a0\u00a0\u00a0\u00a0\u00a0\u00a0\u00a0\u00a0\u00a0\u00a0\u00a0\u00a0\u00a0\u00a0\u00a0\u00a0\u00a0\u00a0\u00a0\u00a0\u00a0 1.051 \u2013 1.357 mm\u00a0\u00a0\u00a0\u00a0\u00a0\u00a0\u00a0 \u00a0\u00a0\u00a0\u00a0\u00a0\u00a0\u00a0\u00a0\u00a0\u00a0\u00a0\u00a0\u00a0 1.037 \u2013 1.357 mm<\/p>\n<p><strong>Adancime totala:<\/strong>\u00a0\u00a0\u00a0\u00a0\u00a0\u00a0\u00a0\u00a0\u00a0\u00a0\u00a0\u00a0\u00a0\u00a0\u00a0\u00a0\u00a0\u00a0\u00a0 1.414 \u2013 1.522 mm\u00a0\u00a0\u00a0\u00a0\u00a0\u00a0 \u00a0\u00a0\u00a0\u00a0\u00a0\u00a0\u00a0\u00a0\u00a0\u00a0\u00a0\u00a0\u00a0\u00a0 1.373 \u2013 1.481 mm<\/p>\n<p><strong>Inaltime totala:<\/strong>\u00a0\u00a0\u00a0\u00a0\u00a0\u00a0\u00a0\u00a0\u00a0\u00a0\u00a0\u00a0\u00a0\u00a0\u00a0\u00a0\u00a0\u00a0\u00a0\u00a0\u00a0\u00a0\u00a0 1.817 mm\u00a0\u00a0\u00a0\u00a0\u00a0\u00a0 \u00a0\u00a0\u00a0\u00a0\u00a0\u00a0\u00a0\u00a0\u00a0\u00a0\u00a0\u00a0\u00a0\u00a0\u00a0\u00a0\u00a0\u00a0\u00a0\u00a0\u00a0\u00a0\u00a0\u00a0\u00a0\u00a0\u00a0 1.817 mm<\/p>\n<p><strong>Interval de lucru scaun:<\/strong>\u00a0\u00a0\u00a0\u00a0\u00a0\u00a0\u00a0 493 \u2013 693 mm \u00a0\u00a0\u00a0\u00a0\u00a0\u00a0\u00a0\u00a0\u00a0\u00a0\u00a0\u00a0\u00a0\u00a0\u00a0\u00a0\u00a0\u00a0\u00a0\u00a0\u00a0\u00a0\u00a0\u00a0\u00a0\u00a0\u00a0 507 \u2013 707 mm<\/p>\n<p><strong>Dimensiuni blat masa:<\/strong> \u00a0\u00a0\u00a0\u00a0\u00a0\u00a0\u00a0\u00a0\u00a0 880 x 450 mm\u00a0\u00a0\u00a0\u00a0\u00a0\u00a0\u00a0\u00a0 \u00a0\u00a0\u00a0 \u00a0\u00a0\u00a0\u00a0\u00a0\u00a0\u00a0\u00a0\u00a0\u00a0\u00a0\u00a0\u00a0\u00a0\u00a0880 x 450 mm<\/p>\n<p><strong>Inaltime fixa blat masa:<\/strong>\u00a0\u00a0\u00a0\u00a0\u00a0\u00a0\u00a0\u00a0 878 mm\u00a0\u00a0\u00a0\u00a0\u00a0\u00a0\u00a0\u00a0\u00a0 \u00a0\u00a0\u00a0\u00a0\u00a0\u00a0\u00a0\u00a0\u00a0\u00a0\u00a0\u00a0\u00a0\u00a0\u00a0\u00a0\u00a0\u00a0\u00a0\u00a0\u00a0\u00a0\u00a0\u00a0\u00a0\u00a0\u00a0 878 mm<\/p>\n<p><strong>Interval reglare inaltime blat (optional):<\/strong> 878 \u2013 978 mm\u00a0\u00a0\u00a0\u00a0 878 \u2013 978 mm<\/p>\n<p>&nbsp;<\/p>\n<p>&nbsp;<\/p>\n","protected":false},"excerpt":{"rendered":"<p>Unitatea <strong>ECO PLUS<\/strong> este o solu\u021bie complet\u0103 \u0219i ergonomic\u0103 pentru cabinetele oftalmologice, echipat\u0103 cu un scaun <strong>COMFORT<\/strong> cu ridicare electric\u0103 \u0219i multiple func\u021bii op\u021bionale precum rotirea \u0219i \u00eenclinarea scaunului. Masa de lucru este prev\u0103zut\u0103 cu spa\u021biu pentru dou\u0103 instrumente \u0219i poate include op\u021bional sistem de ajustare electric\u0103 pe \u00een\u0103l\u021bime.<br \/>\nUnitatea este compatibil\u0103 cu autorefractometru, lamp\u0103 cu fant\u0103 (halogen sau LED), \u0219i include surs\u0103 de alimentare integrat\u0103 pentru aceste instrumente. Dispune de panou de control intuitiv, sertar pentru accesorii, post din aluminiu cu iluminare LED \u0219i poli\u021b\u0103 pentru proiector de teste optice.<br \/>\nDisponibil\u0103 standard pentru utilizatori dreptaci, cu op\u021biune pentru st\u00e2ngaci la cerere. Baza este realizat\u0103 din o\u021bel vopsit \u00een c\u00e2mp electrostatic, iar gama larg\u0103 de culori pentru tapi\u021berie este disponibil\u0103 f\u0103r\u0103 costuri suplimentare.<\/p>\n","protected":false},"featured_media":7906,"template":"","meta":[],"product_brand":[190],"product_cat":[201],"product_tag":[],"class_list":{"0":"post-7905","1":"product","2":"type-product","3":"status-publish","4":"has-post-thumbnail","6":"product_brand-mdt","7":"product_cat-oftalmologie","10":"instock","11":"shipping-taxable","12":"product-type-simple"},"_links":{"self":[{"href":"https:\/\/medhp.ro\/index.php?rest_route=\/wp\/v2\/product\/7905","targetHints":{"allow":["GET"]}}],"collection":[{"href":"https:\/\/medhp.ro\/index.php?rest_route=\/wp\/v2\/product"}],"about":[{"href":"https:\/\/medhp.ro\/index.php?rest_route=\/wp\/v2\/types\/product"}],"version-history":[{"count":1,"href":"https:\/\/medhp.ro\/index.php?rest_route=\/wp\/v2\/product\/7905\/revisions"}],"predecessor-version":[{"id":7909,"href":"https:\/\/medhp.ro\/index.php?rest_route=\/wp\/v2\/product\/7905\/revisions\/7909"}],"wp:featuredmedia":[{"embeddable":true,"href":"https:\/\/medhp.ro\/index.php?rest_route=\/wp\/v2\/media\/7906"}],"wp:attachment":[{"href":"https:\/\/medhp.ro\/index.php?rest_route=%2Fwp%2Fv2%2Fmedia&parent=7905"}],"wp:term":[{"taxonomy":"product_brand","embeddable":true,"href":"https:\/\/medhp.ro\/index.php?rest_route=%2Fwp%2Fv2%2Fproduct_brand&post=7905"},{"taxonomy":"product_cat","embeddable":true,"href":"https:\/\/medhp.ro\/index.php?rest_route=%2Fwp%2Fv2%2Fproduct_cat&post=7905"},{"taxonomy":"product_tag","embeddable":true,"href":"https:\/\/medhp.ro\/index.php?rest_route=%2Fwp%2Fv2%2Fproduct_tag&post=7905"}],"curies":[{"name":"wp","href":"https:\/\/api.w.org\/{rel}","templated":true}]}}