{"id":7892,"date":"2025-05-23T00:59:28","date_gmt":"2025-05-22T22:59:28","guid":{"rendered":"https:\/\/medhp.ro\/?post_type=product&#038;p=7892"},"modified":"2025-05-23T00:59:28","modified_gmt":"2025-05-22T22:59:28","slug":"mediworks-s390l-firefly","status":"publish","type":"product","link":"https:\/\/medhp.ro\/?product=mediworks-s390l-firefly","title":{"rendered":"MediWorks S390L (Firefly)"},"content":{"rendered":"<p><strong>Tip microscop: <\/strong>Optica Galileana<strong><br \/>\nModificare marire: <\/strong>Tambur revolver cu 5 trepte<strong><br \/>\nMarire totala: <\/strong>6X, 10X, 16X, 25X, 40X<strong><br \/>\nRezolutie optica: <\/strong>2700 N lp\/mm (200 lp\/mm)<strong><br \/>\nOculare: <\/strong>12.5X<strong><br \/>\nUnghi \u00eentre oculare: <\/strong>13\u00b0<strong><br \/>\nAjustare pupilara<\/strong>: 52 mm ~ 78 mm<strong><br \/>\nAjustare dioptrica: <\/strong>\u00b18 D<strong><br \/>\nCamp vizual: <\/strong>\u00d836.2 mm (6X), \u00d822.3 mm (10X), \u00d814 mm (16X), \u00d88.9 mm (25X), \u00d85.6 mm (40X)<strong><br \/>\nLatime fanta: <\/strong>0 ~ 14 mm continuu (devine cerc la 14 mm)<strong><br \/>\nLungime fanta: <\/strong>1 ~ 14 mm continuu<strong><br \/>\nDiametre apertura: <\/strong>\u00d814 mm, \u00d810 mm, \u00d85 mm, \u00d83 mm, \u00d82 mm, \u00d81 mm, \u00d80.2 mm<strong><br \/>\nUnghi fanta: <\/strong>0\u00b0 ~ 180\u00b0<strong><br \/>\nInclina\u021bie fanta: <\/strong>5\u00b0, 10\u00b0, 15\u00b0, 20\u00b0<strong><br \/>\nFiltre: <\/strong>Filtru absorbant de c\u0103ldur\u0103, filtru ND, filtru f\u0103r\u0103 ro\u0219u, filtru cobalt-albastru, filtru galben integrat<strong><br \/>\nLampa<\/strong>: LED 3V<strong><br \/>\nLuminanta<\/strong>: \u2265150.000 lux<strong><br \/>\nTensiune de intrare: <\/strong>100 V ~ 240 V<strong><br \/>\nFrecventa de intrare<\/strong>: 50 Hz \/ 60 Hz<strong><br \/>\nCurent nominal: <\/strong>1.2 A<br \/>\n<strong>Tensiune de iesire: <\/strong>LED 3 V, Fixare 15 V<\/p>\n<p><strong>Dimensiuni: <\/strong>740 mm x 450 mm x 530 mm<br \/>\n<strong>Greutate bruta: <\/strong>23 kg<br \/>\n<strong>Greutate neta<\/strong>: 17 kg<br \/>\n<strong>Senzor imagine: <\/strong>12 Mpx<br \/>\n<strong>Rezolutie foto: <\/strong>4056 x 3040<br \/>\n<strong>Format foto: <\/strong>JPEG<br \/>\n<strong>Rezolutie video: <\/strong>2592 x 1944<br \/>\n<strong>Cadre video: <\/strong>30 fps<br \/>\n<strong>Formate video\u00a0\u00a0\u00a0\u00a0\u00a0\u00a0\u00a0\u00a0\u00a0\u00a0 : <\/strong>MP4 H.264<br \/>\n<strong>Mod expunere: <\/strong>Expunere automata<br \/>\n<strong>Interfata transmisie:<\/strong> USB<br \/>\n<strong>Configuratie PC: <\/strong>i5 \u2013 10500T, 8 GB RAM, 256 GB SSD + 1 TB stocare<br \/>\n<strong>Display: <\/strong>1920 x 1080, 23.8 inch<br \/>\n<strong>Sistem PC: <\/strong>Windows 10<\/p>\n<p><strong>\u00a0<\/strong><\/p>\n","protected":false},"excerpt":{"rendered":"<p>Microscopul cu lampa cu fanta MediWorks S390L (Firefly) reprezinta o solutie avansata pentru examinarea segmentului anterior ocular, integrand tehnologie digitala de ultima generatie intr-un design compact si ergonomic. Inspirat de forma licuricului, acest echipament ofera o performanta optica superioara, facilitand diagnosticarea precisa a diferitelor afectiuni oculare.<br \/>\nEchipat cu un sistem optic de tip Galilean si iluminare LED cu temperatura de culoare scazuta, S390L asigura imagini clare si detaliate ale corneei, irisului si sclerei. Filtrul galben integrat, impreuna cu filtrul cobalt-albastru, imbunatateste contrastul in imagistica cu fluoresceina sodica, facilitand identificarea leziunilor corneene.<br \/>\nSistemul digital integrat include un senzor de 12 megapixeli si un modul de iluminare de fundal, permitand captarea de imagini si video de inalta rezolutie. Software-ul MediView ofera functii avansate de analiza a imaginii, inclusiv masurarea timpului de ruptura a filmului lacrimal si evaluarea inaltimii meniscului lacrimal, fiind un instrument esential in managementul ochilor uscati.<\/p>\n","protected":false},"featured_media":7893,"template":"","meta":[],"product_brand":[188],"product_cat":[201],"product_tag":[],"class_list":{"0":"post-7892","1":"product","2":"type-product","3":"status-publish","4":"has-post-thumbnail","6":"product_brand-mediworks","7":"product_cat-oftalmologie","10":"instock","11":"shipping-taxable","12":"product-type-simple"},"_links":{"self":[{"href":"https:\/\/medhp.ro\/index.php?rest_route=\/wp\/v2\/product\/7892","targetHints":{"allow":["GET"]}}],"collection":[{"href":"https:\/\/medhp.ro\/index.php?rest_route=\/wp\/v2\/product"}],"about":[{"href":"https:\/\/medhp.ro\/index.php?rest_route=\/wp\/v2\/types\/product"}],"version-history":[{"count":1,"href":"https:\/\/medhp.ro\/index.php?rest_route=\/wp\/v2\/product\/7892\/revisions"}],"predecessor-version":[{"id":7896,"href":"https:\/\/medhp.ro\/index.php?rest_route=\/wp\/v2\/product\/7892\/revisions\/7896"}],"wp:featuredmedia":[{"embeddable":true,"href":"https:\/\/medhp.ro\/index.php?rest_route=\/wp\/v2\/media\/7893"}],"wp:attachment":[{"href":"https:\/\/medhp.ro\/index.php?rest_route=%2Fwp%2Fv2%2Fmedia&parent=7892"}],"wp:term":[{"taxonomy":"product_brand","embeddable":true,"href":"https:\/\/medhp.ro\/index.php?rest_route=%2Fwp%2Fv2%2Fproduct_brand&post=7892"},{"taxonomy":"product_cat","embeddable":true,"href":"https:\/\/medhp.ro\/index.php?rest_route=%2Fwp%2Fv2%2Fproduct_cat&post=7892"},{"taxonomy":"product_tag","embeddable":true,"href":"https:\/\/medhp.ro\/index.php?rest_route=%2Fwp%2Fv2%2Fproduct_tag&post=7892"}],"curies":[{"name":"wp","href":"https:\/\/api.w.org\/{rel}","templated":true}]}}