{"id":7880,"date":"2025-05-23T00:53:27","date_gmt":"2025-05-22T22:53:27","guid":{"rendered":"https:\/\/medhp.ro\/?post_type=product&#038;p=7880"},"modified":"2025-05-26T18:47:39","modified_gmt":"2025-05-26T16:47:39","slug":"scaun-electric-orl-oto-pv","status":"publish","type":"product","link":"https:\/\/medhp.ro\/?product=scaun-electric-orl-oto-pv","title":{"rendered":"Scaun electric ORL OTO PV"},"content":{"rendered":"<p><strong>Tip scaun: <\/strong>Electric, cu motor silen\u021bios<br \/>\n<strong>Reglare \u00een\u0103l\u021bime: <\/strong>Sus\/jos prin motor electric, controlat cu pedala<br \/>\n<strong>Reglare sp\u0103tar\u00a0\u00a0\u00a0\u00a0\u00a0\u00a0\u00a0\u00a0\u00a0\u00a0\u00a0 : <\/strong>-5\u00b0 p\u00e2n\u0103 la +90\u00b0 cu amortizor pe gaz<br \/>\n<strong>Rotire scaun: <\/strong>360\u00b0, cu blocare a rota\u021biei \u00een partea inferioar\u0103<br \/>\n<strong>Suport cap: <\/strong>Reglabil, cu \u00een\u0103l\u021bime de 170 mm<br \/>\n<strong>Tapiterie: <\/strong>Piele artificial\u0103 de calitate, disponibil\u0103 \u00eentr-o gam\u0103 variat\u0103 de culori<br \/>\n<strong>Cadru<\/strong>: Metalic, robust, cu caracteristici care garanteaz\u0103 stabilitate<br \/>\n<strong>Capacitate maxim\u0103<\/strong>: 150 kg<br \/>\n<strong>Alimentare: <\/strong>230 V \u2013 50 Hz<br \/>\n<strong>Dimensiuni: <\/strong>Aproximativ 148 cm x 48 cm x 49\u201368 cm (h)<br \/>\n<strong>Greutate: <\/strong>Aproximativ 100 kg<\/p>\n","protected":false},"excerpt":{"rendered":"<p>Scaunul ORL <strong>OTO\/PV<\/strong> este un fotoliu electric destinat examin\u0103rii pacien\u021bilor \u00een cabinetele de specialitate ORL. Fabricat \u00een Italia, acesta combin\u0103 un design ergonomic cu func\u021bionalit\u0103\u021bi avansate, asigur\u00e2nd confort at\u00e2t pacientului, c\u00e2t \u0219i medicului. Este ideal pentru proceduri precum sp\u0103larea urechilor, examinarea nazofaringian\u0103 \u0219i alte interven\u021bii specifice.<\/p>\n","protected":false},"featured_media":8001,"template":"","meta":[],"product_brand":[184],"product_cat":[200],"product_tag":[],"class_list":{"0":"post-7880","1":"product","2":"type-product","3":"status-publish","4":"has-post-thumbnail","6":"product_brand-oto","7":"product_cat-diagnostic-orl","10":"instock","11":"shipping-taxable","12":"product-type-simple"},"_links":{"self":[{"href":"https:\/\/medhp.ro\/index.php?rest_route=\/wp\/v2\/product\/7880","targetHints":{"allow":["GET"]}}],"collection":[{"href":"https:\/\/medhp.ro\/index.php?rest_route=\/wp\/v2\/product"}],"about":[{"href":"https:\/\/medhp.ro\/index.php?rest_route=\/wp\/v2\/types\/product"}],"version-history":[{"count":1,"href":"https:\/\/medhp.ro\/index.php?rest_route=\/wp\/v2\/product\/7880\/revisions"}],"predecessor-version":[{"id":7881,"href":"https:\/\/medhp.ro\/index.php?rest_route=\/wp\/v2\/product\/7880\/revisions\/7881"}],"wp:featuredmedia":[{"embeddable":true,"href":"https:\/\/medhp.ro\/index.php?rest_route=\/wp\/v2\/media\/8001"}],"wp:attachment":[{"href":"https:\/\/medhp.ro\/index.php?rest_route=%2Fwp%2Fv2%2Fmedia&parent=7880"}],"wp:term":[{"taxonomy":"product_brand","embeddable":true,"href":"https:\/\/medhp.ro\/index.php?rest_route=%2Fwp%2Fv2%2Fproduct_brand&post=7880"},{"taxonomy":"product_cat","embeddable":true,"href":"https:\/\/medhp.ro\/index.php?rest_route=%2Fwp%2Fv2%2Fproduct_cat&post=7880"},{"taxonomy":"product_tag","embeddable":true,"href":"https:\/\/medhp.ro\/index.php?rest_route=%2Fwp%2Fv2%2Fproduct_tag&post=7880"}],"curies":[{"name":"wp","href":"https:\/\/api.w.org\/{rel}","templated":true}]}}