{"id":7807,"date":"2025-05-19T13:54:03","date_gmt":"2025-05-19T11:54:03","guid":{"rendered":"https:\/\/medhp.ro\/?post_type=product&#038;p=7807"},"modified":"2025-05-19T13:54:03","modified_gmt":"2025-05-19T11:54:03","slug":"masina-de-spalat-si-dezinfectat-instrumente-at-os-awd655-8","status":"publish","type":"product","link":"https:\/\/medhp.ro\/?product=masina-de-spalat-si-dezinfectat-instrumente-at-os-awd655-8","title":{"rendered":"Masina de spalat si dezinfectat instrumente At-OS AWD655-8"},"content":{"rendered":"<p><strong>Tip<\/strong>: Masina de spalat si dezinfectat instrumentare<br \/>\n<strong>Utilizare recomandata<\/strong>: Clinici dentare, sectii chirurgicale, laboratoare, centrale de sterilizare<br \/>\n<strong>Tip instalare<\/strong>: Sub blat<br \/>\n<strong>Greutate<\/strong>: 100 kg<br \/>\n<strong>Dimensiuni:<\/strong> 600 x 650 x 845 mm<br \/>\n<strong>Materiale:<\/strong> Vas din inox AISI 316L (EN 1.4404), cadru din inox AISI 304 (EN 1.4301)<br \/>\n<strong>Usa:<\/strong> Manuala, din doua sticluri temperate rezistente la agenti chimici<br \/>\n<strong>Sistem de uscare:<\/strong> Aer fortat, filtrat si incalzit electric, cu filtru HEPA H14 pentru praf fin (99.995%)<br \/>\n<strong>Panou de control:<\/strong> Touchscreen cu display LCD color de 3,5&#8243; si 8 butoane retroiluminate<br \/>\n<strong>Conectivitate<\/strong>: 2 porturi USB (tip A si B), port RS232 pentru imprimanta sau sistem de trasabilitate<br \/>\n<strong>Software optional:<\/strong> Washer RePortal (pentru gestionarea PIN-urilor operatorilor si generarea rapoartelor)<br \/>\n<strong>Sisteme de siguranta:<\/strong> Blocatie automata a usii in timpul ciclului, senzor de presiune a apei, alarma pentru filtru infundat<br \/>\n<strong>Programare:<\/strong> P\u00e2na la 40 programe personalizabile<br \/>\n<strong>Tensiune\u00a0 alimentare<\/strong> : 260 V<br \/>\n<strong>Temperatura maxima de dezinfectare<\/strong> : 95 grade<\/p>\n","protected":false},"excerpt":{"rendered":"<p>Masina echipata cu usa manuala din sticla dubla securizata, destinata spalarii carucioarelor cu p\u00e2na la 4 niveluri. Este dotata cu un sistem de aer filtrat, incalzit electric si fortat, at\u00e2t in camera de spalare, c\u00e2t si in interiorul instrumentelor goale, asigur\u00e2nd rezultate excelente la uscare. O gama larga de accesorii completeaza aceste echipamente, fiind potrivite pentru spalarea si dezinfectarea tuturor tipurilor de instrumente chirurgicale si accesorii.<\/p>\n","protected":false},"featured_media":7808,"template":"","meta":[],"product_brand":[175],"product_cat":[179],"product_tag":[],"class_list":{"0":"post-7807","1":"product","2":"type-product","3":"status-publish","4":"has-post-thumbnail","6":"product_brand-at-os","7":"product_cat-sterilizare","10":"instock","11":"shipping-taxable","12":"product-type-simple"},"_links":{"self":[{"href":"https:\/\/medhp.ro\/index.php?rest_route=\/wp\/v2\/product\/7807","targetHints":{"allow":["GET"]}}],"collection":[{"href":"https:\/\/medhp.ro\/index.php?rest_route=\/wp\/v2\/product"}],"about":[{"href":"https:\/\/medhp.ro\/index.php?rest_route=\/wp\/v2\/types\/product"}],"version-history":[{"count":1,"href":"https:\/\/medhp.ro\/index.php?rest_route=\/wp\/v2\/product\/7807\/revisions"}],"predecessor-version":[{"id":7810,"href":"https:\/\/medhp.ro\/index.php?rest_route=\/wp\/v2\/product\/7807\/revisions\/7810"}],"wp:featuredmedia":[{"embeddable":true,"href":"https:\/\/medhp.ro\/index.php?rest_route=\/wp\/v2\/media\/7808"}],"wp:attachment":[{"href":"https:\/\/medhp.ro\/index.php?rest_route=%2Fwp%2Fv2%2Fmedia&parent=7807"}],"wp:term":[{"taxonomy":"product_brand","embeddable":true,"href":"https:\/\/medhp.ro\/index.php?rest_route=%2Fwp%2Fv2%2Fproduct_brand&post=7807"},{"taxonomy":"product_cat","embeddable":true,"href":"https:\/\/medhp.ro\/index.php?rest_route=%2Fwp%2Fv2%2Fproduct_cat&post=7807"},{"taxonomy":"product_tag","embeddable":true,"href":"https:\/\/medhp.ro\/index.php?rest_route=%2Fwp%2Fv2%2Fproduct_tag&post=7807"}],"curies":[{"name":"wp","href":"https:\/\/api.w.org\/{rel}","templated":true}]}}