{"id":7804,"date":"2025-05-19T13:53:11","date_gmt":"2025-05-19T11:53:11","guid":{"rendered":"https:\/\/medhp.ro\/?post_type=product&#038;p=7804"},"modified":"2025-05-19T13:53:11","modified_gmt":"2025-05-19T11:53:11","slug":"sterilizator-aj-costa-uniclave-99","status":"publish","type":"product","link":"https:\/\/medhp.ro\/?product=sterilizator-aj-costa-uniclave-99","title":{"rendered":"Sterilizator AJ COSTA Uniclave 99"},"content":{"rendered":"<p><strong>Tip sterilizator:<\/strong> Abur, automatizat<br \/>\n<strong>Tip usi:<\/strong> Manuale, din otel inoxidabil AISI 304<br \/>\n<strong>Material camera:<\/strong> Otel inoxidabil AISI 304L<br \/>\n<strong>Tip instalare:<\/strong> Verticala<br \/>\n<strong>Interfata:<\/strong> Ecran tactil color de 3,5&#8243;<br \/>\n<strong>Control cicluri:<\/strong> Automatizat, cu 9 cicluri preprogramate si posibilitate de parametrizare a ciclului<br \/>\n<strong>Cicluri predefinite:<\/strong> 20 min la 121\u00b0C cu uscare&lt;br&gt;- 5 min la 134\u00b0C cu uscare&lt;br&gt;- 7 cicluri configurabile \u00eentre 75\u00b0C si 135\u00b0C<br \/>\n<strong>Siguranta:<\/strong> Sistem dublu de siguranta \u00eempotriva suprapresiunii<br \/>\n<strong>Filtrare\u00a0\u00a0\u00a0\u00a0\u00a0\u00a0\u00a0\u00a0\u00a0\u00a0\u00a0 :<\/strong> Filtru bacteriologic integrat<br \/>\n<strong>Condenzare<\/strong>: Sistem de condensare a aburului<br \/>\n<strong>Materiale constructie:<\/strong> Fara materiale feroase<br \/>\n<strong>Alarme<\/strong>: Semnal sonor la finalul ciclului si pentru erori<br \/>\n<strong>Certificari:<\/strong> Conform cu Directiva 2014\/68\/UE privind echipamentele sub presiune<br \/>\n<strong>Dimensiuni camera <\/strong>: AJC 80: 40\u00d763 cm&lt;br&gt;- AJC 120: 50\u00d782 cm&lt;br&gt;- AJC 160: 40\u00d763 cm<br \/>\n<strong>Volum util camera:<\/strong> AJC 80: 80 litri&lt;br&gt;- AJC 120: 120 litri&lt;br&gt;- AJC 160: 160 litri<br \/>\n<strong>Dimensiuni exterioare :<\/strong> AJC 80: 69\u00d7105\u00d774 cm&lt;br&gt;- AJC 120: 80\u00d7105\u00d785 cm&lt;br&gt;- AJC 160: 80\u00d7125\u00d774 cm<br \/>\n<strong>Temperatura sterilizare:<\/strong> 105\u00b0C \u2013 134\u00b0C<br \/>\n<strong>Presiune abur:<\/strong> Max. 2,2 bar<br \/>\n<strong>Presiune apa:<\/strong> Max. 6 bar<br \/>\n<strong>Alimentare electrica:<\/strong> 3~ + N + T 400 V 50 Hz, 6 kW<br \/>\n<strong>Conexiuni externe:<\/strong> Abur: 3\/4\u201d BSP&lt;br&gt;- Apa: 3\/4\u201d BSP&lt;br&gt;- Drenaj: 3\/4\u201d BSP<\/p>\n<p><strong>\u00a0<\/strong><\/p>\n<p><strong>Accesorii optionale\u00a0\u00a0 <\/strong><\/p>\n<p>Cosuri de \u00eencarcare&lt;br&gt;- Tripod pentru protectia rezistentelor&lt;br&gt;- Sistem automat de alimentare cu apa demineralizata&lt;br&gt;- Imprimanta pentru \u00eenregistrarea ciclurilor&lt;br&gt;- Software de documentare AJC Vision Map<\/p>\n","protected":false},"excerpt":{"rendered":"<p>Sterilizatoarele cu abur sunt concepute pentru a acoperi un domeniu larg de aplicatii pentru spitale si centre medicale, precum si pentru industria farmaceutica si biotehnologica si laboratoare de cercetare. Acestea \u00eendeplinesc cele mai noi caracteristici ale tehnologiei de sterilizare de ultima generatie.<br \/>\nSterilizatoarele\u00a0 sunt disponibile ca sterilizator multifunctional cu abur cu tehnologie de pre-vid si post-vid pentru aplicatii de asistenta medicala si capacitati de gravitatie ca sterilizator cu abur de lichide de laborator. Toate sterilizatoarele sunt disponibile pentru instalare, fie \u00eencastrate pe perete, fie ca modele independente.<br \/>\nCapacul este manual si fabricat din otel inoxidabil AISI 304. Autoclavul Uniclave 99 functioneaza complet automat, fiind controlat de un sistem cu microprocesor PLC. Camera de sterilizare se umple manual cu apa. Este preprogramat cu 9 cicluri de sterilizare, iar ciclurile pot fi parametrizate. Dispune de ecran tactil de 3,5\u201d pe panoul frontal.<\/p>\n","protected":false},"featured_media":7805,"template":"","meta":[],"product_brand":[174],"product_cat":[179],"product_tag":[],"class_list":{"0":"post-7804","1":"product","2":"type-product","3":"status-publish","4":"has-post-thumbnail","6":"product_brand-aj-costa","7":"product_cat-sterilizare","10":"instock","11":"shipping-taxable","12":"product-type-simple"},"_links":{"self":[{"href":"https:\/\/medhp.ro\/index.php?rest_route=\/wp\/v2\/product\/7804","targetHints":{"allow":["GET"]}}],"collection":[{"href":"https:\/\/medhp.ro\/index.php?rest_route=\/wp\/v2\/product"}],"about":[{"href":"https:\/\/medhp.ro\/index.php?rest_route=\/wp\/v2\/types\/product"}],"version-history":[{"count":1,"href":"https:\/\/medhp.ro\/index.php?rest_route=\/wp\/v2\/product\/7804\/revisions"}],"predecessor-version":[{"id":7806,"href":"https:\/\/medhp.ro\/index.php?rest_route=\/wp\/v2\/product\/7804\/revisions\/7806"}],"wp:featuredmedia":[{"embeddable":true,"href":"https:\/\/medhp.ro\/index.php?rest_route=\/wp\/v2\/media\/7805"}],"wp:attachment":[{"href":"https:\/\/medhp.ro\/index.php?rest_route=%2Fwp%2Fv2%2Fmedia&parent=7804"}],"wp:term":[{"taxonomy":"product_brand","embeddable":true,"href":"https:\/\/medhp.ro\/index.php?rest_route=%2Fwp%2Fv2%2Fproduct_brand&post=7804"},{"taxonomy":"product_cat","embeddable":true,"href":"https:\/\/medhp.ro\/index.php?rest_route=%2Fwp%2Fv2%2Fproduct_cat&post=7804"},{"taxonomy":"product_tag","embeddable":true,"href":"https:\/\/medhp.ro\/index.php?rest_route=%2Fwp%2Fv2%2Fproduct_tag&post=7804"}],"curies":[{"name":"wp","href":"https:\/\/api.w.org\/{rel}","templated":true}]}}