{"id":7800,"date":"2025-05-19T13:52:28","date_gmt":"2025-05-19T11:52:28","guid":{"rendered":"https:\/\/medhp.ro\/?post_type=product&#038;p=7800"},"modified":"2025-05-19T13:52:28","modified_gmt":"2025-05-19T11:52:28","slug":"sterilizator-aj-costa-steri-21","status":"publish","type":"product","link":"https:\/\/medhp.ro\/?product=sterilizator-aj-costa-steri-21","title":{"rendered":"Sterilizator AJ COSTA Steri 21"},"content":{"rendered":"<p><strong>Tip sterilizator: <\/strong>Abur, automatizat<strong><br \/>\nTip usi: <\/strong>Usi glisante automate, din otel inoxidabil AISI 316L<strong><br \/>\nTip instalare: <\/strong>Orizontala, montat pe podea<strong><br \/>\nInterfata: <\/strong>Ecran tactil color cu vizibilitate maxima<strong><br \/>\nControl cicluri: <\/strong>Automatizat, pe baza parametrului F0<strong><br \/>\nValidare cicluri: <\/strong>Validare pentru \u00eencarcaturi tipice de spital si laborator<strong><br \/>\nImprimare parametri: <\/strong>Imprimare \u00een timp real a parametrilor ciclurilor de sterilizare<strong><br \/>\nSiguranta usi: <\/strong>Sistem de oprire a miscarii usii \u00een caz de obstructie; sistem de siguranta \u00eempotriva deschiderii usii \u00een caz de cadere a curentului<strong><br \/>\nEconomisire energie\/apa: <\/strong>Sisteme \u00eencorporate de economisire a energiei si apei<strong><br \/>\nAlarme: <\/strong>Alarme audibile pentru erori si neconformitati<strong><br \/>\nCertificari: <\/strong>Directiva 2007\/47\/CE; Directiva 93\/42\/CE; Standard EN 285; Directiva 97\/23\/CE; Directiva PD 5500; Standard BS 3870; CE 0120\/CE 1155<strong><br \/>\nDimensiuni camera: <\/strong>40x40x66 cm pana la 50x50x100 cm<strong><br \/>\nVolum camera: <\/strong>105 litri pana la 250 litri<strong><br \/>\nDimensiuni exterioare :<\/strong>70x183x98 cm pana la 80x183x132 cm<strong><br \/>\nTemperatura sterilizare<\/strong>: Min.: 121\u00b0C; Max.: 134\u00b0C<strong><br \/>\nPresiune abur: Max.: <\/strong>3,5 bar; Min.: 3 bar<strong><br \/>\nPresiune apa: Max.: <\/strong>6 bar; Min.: 3 bar<strong><br \/>\nPresiune pneumatica: <\/strong>Max.: 7,5 bar; Min.: 4 bar<strong><br \/>\nAlimentare electrica: <\/strong>3~ + N + G 400 V \/ 230 V 50 Hz 26, 32, 38 kW<strong><br \/>\nConexiuni externe: <\/strong>Abur: 3\/4\u201d BSP; Apa: 3\/4\u201d BSP; Pneumatic: 3\/8\u201d conexiune mascul; Drenaj: 2\u201d BS<\/p>\n<p><strong>Accesorii optionale: <\/strong>Carucior exterior de incarcare; Platforma rulanta pentru incarcare; Cosuri de incarcare; Compresor de aer silentios; Demineralizator de apa; Sistem de osmoza inversa; Dispozitiv de \u00eenregistrare grafica; Panouri laterale din otel inox; Supape din otel inox si conexiuni tri-clamp; Sistem dual de alimentare cu abur; Sistem automat de clatire si scurgere a generatorului de abur; Software pentru documentarea si asigurarea trasabilitatii proceselor de sterilizare<\/p>\n","protected":false},"excerpt":{"rendered":"<p>Sterilizatoarele cu abur sunt concepute pentru a acoperi un domeniu larg de aplicatii pentru spitale si centre medicale, precum si pentru industria farmaceutica si biotehnologica si laboratoare de cercetare. Acestea \u00eendeplinesc cele mai noi caracteristici ale tehnologiei de sterilizare de ultima generatie.<br \/>\nSterilizatoarele \u00a0sunt disponibile ca sterilizator multifunctional cu abur cu tehnologie de pre-vid si post-vid pentru aplicatii de asistenta medicala si capacitati de gravitatie ca sterilizator cu abur de lichide de laborator. Toate sterilizatoarele sunt disponibile pentru instalare, fie \u00eencastrate pe perete, fie ca modele independente.<br \/>\nSterilizatoarele cu abur Steri 21 sunt controlate prin valve electrice si dispun de porturi motorizate, astfel \u00eencat nu necesita aer comprimat. Acces pentru mentenanta frontal sau lateral.<\/p>\n","protected":false},"featured_media":7801,"template":"","meta":[],"product_brand":[174],"product_cat":[179],"product_tag":[],"class_list":{"0":"post-7800","1":"product","2":"type-product","3":"status-publish","4":"has-post-thumbnail","6":"product_brand-aj-costa","7":"product_cat-sterilizare","10":"instock","11":"shipping-taxable","12":"product-type-simple"},"_links":{"self":[{"href":"https:\/\/medhp.ro\/index.php?rest_route=\/wp\/v2\/product\/7800","targetHints":{"allow":["GET"]}}],"collection":[{"href":"https:\/\/medhp.ro\/index.php?rest_route=\/wp\/v2\/product"}],"about":[{"href":"https:\/\/medhp.ro\/index.php?rest_route=\/wp\/v2\/types\/product"}],"version-history":[{"count":1,"href":"https:\/\/medhp.ro\/index.php?rest_route=\/wp\/v2\/product\/7800\/revisions"}],"predecessor-version":[{"id":7803,"href":"https:\/\/medhp.ro\/index.php?rest_route=\/wp\/v2\/product\/7800\/revisions\/7803"}],"wp:featuredmedia":[{"embeddable":true,"href":"https:\/\/medhp.ro\/index.php?rest_route=\/wp\/v2\/media\/7801"}],"wp:attachment":[{"href":"https:\/\/medhp.ro\/index.php?rest_route=%2Fwp%2Fv2%2Fmedia&parent=7800"}],"wp:term":[{"taxonomy":"product_brand","embeddable":true,"href":"https:\/\/medhp.ro\/index.php?rest_route=%2Fwp%2Fv2%2Fproduct_brand&post=7800"},{"taxonomy":"product_cat","embeddable":true,"href":"https:\/\/medhp.ro\/index.php?rest_route=%2Fwp%2Fv2%2Fproduct_cat&post=7800"},{"taxonomy":"product_tag","embeddable":true,"href":"https:\/\/medhp.ro\/index.php?rest_route=%2Fwp%2Fv2%2Fproduct_tag&post=7800"}],"curies":[{"name":"wp","href":"https:\/\/api.w.org\/{rel}","templated":true}]}}