{"id":7625,"date":"2025-05-12T22:53:28","date_gmt":"2025-05-12T20:53:28","guid":{"rendered":"https:\/\/medhp.ro\/?post_type=product&#038;p=7625"},"modified":"2025-05-13T12:27:16","modified_gmt":"2025-05-13T10:27:16","slug":"aparat-de-electrochirurgie-led-surton-abc","status":"publish","type":"product","link":"https:\/\/medhp.ro\/?product=aparat-de-electrochirurgie-led-surton-abc","title":{"rendered":"Aparat de electrochirurgie LED Surton ABC"},"content":{"rendered":"<p><strong>Tip aparat:<\/strong> Modul electrocauter cu gaz argon pentru coagulare superficial\u0103 f\u0103r\u0103 contact<br \/>\n<strong>Compatibilitate:<\/strong> Conectare la unit\u0103\u021bi electrosurgicale LED compatibile cu proceduri cu argon<br \/>\n<strong>Moduri de activare:<\/strong> Manual \u0219i prin pedala de picior<br \/>\n<strong>Gaz utilizat:<\/strong> Argon (gaz inert)<br \/>\n<strong>Reglare debit gaz:<\/strong> 0.2 \u2013 10 litri pe minut (LPM)<br \/>\n<strong>Presiune maxim\u0103 admisa:<\/strong> 3.0 bar (43.5 psi)<br \/>\n<strong>Tensiune de alimentare:<\/strong> 90\u2013240 V AC<br \/>\n<strong>Frecven\u021b\u0103 re\u021bea<\/strong>: 50\/60 Hz<br \/>\n<strong>Putere absorbita:<\/strong> 70 VA<br \/>\n<strong>Clasa electrica<\/strong>: I CF (Class I, Protection Type CF)<br \/>\n<strong>Dimensiuni<\/strong> (L x H x D): 470 x 150 x 400 mm<br \/>\n<strong>Greutate: <\/strong>8\u00a0kg<br \/>\n<strong>Conformitate standarde:<\/strong> EN 60601-1, EN 60601-1-2, EN 60601-2-2<\/p>\n","protected":false},"excerpt":{"rendered":"<p><strong>SURTRON ABC<\/strong> este un modul care poate fi conectat cu o unitate electrochirurgicala compatibila, specifica pentru procedurile electrochirurgicale de coagulare cu gaz de argon, indicata atat pentru chirurgia deschisa, cat si pentru laparoscopie. Argonul este un gaz inert care utilizeaza in combinatie cu curenti specifici pentru coagularea inalta a frecventei\u00a0 generat de o unitate electrochirurgicala, permite obtinerea unei coagulari superficiale fara contact, datorita ionizarii fluxului de gaz prin curentul de inalta frecventa.<br \/>\nSURTRON ABC este realizat astfel incat conectarea la o unitate electrochirurgicala cu caracteristici compatibile cu procedurile Argon permite furnizarea atat prin activarea manuala, cat si cu pedala. Conectarea la unitatea ABC nu impiedica utilizarea altor functii ale unitatilor electrochirurgicale, de fapt, in cazul utilizarii unitatilor LED compatibile, furnizarea gazului de argon are loc numai\u00a0 in cazul furnizarii curentului de coagulare de inalta frecventi (SPRAY).<\/p>\n","protected":false},"featured_media":7626,"template":"","meta":[],"product_brand":[172],"product_cat":[168],"product_tag":[],"class_list":{"0":"post-7625","1":"product","2":"type-product","3":"status-publish","4":"has-post-thumbnail","6":"product_brand-led","7":"product_cat-sisteme-de-electrochirurgie","10":"instock","11":"shipping-taxable","12":"product-type-simple"},"_links":{"self":[{"href":"https:\/\/medhp.ro\/index.php?rest_route=\/wp\/v2\/product\/7625","targetHints":{"allow":["GET"]}}],"collection":[{"href":"https:\/\/medhp.ro\/index.php?rest_route=\/wp\/v2\/product"}],"about":[{"href":"https:\/\/medhp.ro\/index.php?rest_route=\/wp\/v2\/types\/product"}],"version-history":[{"count":3,"href":"https:\/\/medhp.ro\/index.php?rest_route=\/wp\/v2\/product\/7625\/revisions"}],"predecessor-version":[{"id":7694,"href":"https:\/\/medhp.ro\/index.php?rest_route=\/wp\/v2\/product\/7625\/revisions\/7694"}],"wp:featuredmedia":[{"embeddable":true,"href":"https:\/\/medhp.ro\/index.php?rest_route=\/wp\/v2\/media\/7626"}],"wp:attachment":[{"href":"https:\/\/medhp.ro\/index.php?rest_route=%2Fwp%2Fv2%2Fmedia&parent=7625"}],"wp:term":[{"taxonomy":"product_brand","embeddable":true,"href":"https:\/\/medhp.ro\/index.php?rest_route=%2Fwp%2Fv2%2Fproduct_brand&post=7625"},{"taxonomy":"product_cat","embeddable":true,"href":"https:\/\/medhp.ro\/index.php?rest_route=%2Fwp%2Fv2%2Fproduct_cat&post=7625"},{"taxonomy":"product_tag","embeddable":true,"href":"https:\/\/medhp.ro\/index.php?rest_route=%2Fwp%2Fv2%2Fproduct_tag&post=7625"}],"curies":[{"name":"wp","href":"https:\/\/api.w.org\/{rel}","templated":true}]}}