{"id":7592,"date":"2025-05-12T22:44:37","date_gmt":"2025-05-12T20:44:37","guid":{"rendered":"https:\/\/medhp.ro\/?post_type=product&#038;p=7592"},"modified":"2025-05-13T13:52:14","modified_gmt":"2025-05-13T11:52:14","slug":"aparat-de-electrochirurgie-lamidey-noury-seal","status":"publish","type":"product","link":"https:\/\/medhp.ro\/?product=aparat-de-electrochirurgie-lamidey-noury-seal","title":{"rendered":"Aparat de electrochirurgie LAMIDEY NOURY Seal"},"content":{"rendered":"<p><strong>Frecventa de lucru:<\/strong> 450 kHz<br \/>\n<strong>Alimentare:<\/strong> 220\u2013240 V AC, 50\/60 Hz<br \/>\n<strong>Putere maxim\u0103 absorbita<\/strong>: 1200 VA<br \/>\n<strong>Dimensiuni:<\/strong> 42 x 19 x 43 cm<br \/>\n<strong>Greutate:<\/strong> 12 kg<br \/>\n<strong>Siguranta electrica:<\/strong> Clasa I<br \/>\n<strong>Temperatura de operare:<\/strong> +10\u00b0C p\u00e2n\u0103 la +40\u00b0C<br \/>\n<strong>Umiditate relativa<\/strong>: 30% p\u00e2n\u0103 la 75%<br \/>\n<strong>Presiune atmosferica<\/strong>: 700 hPa p\u00e2n\u0103 la 1060 hPa<br \/>\n<strong>3 ie\u0219iri active<\/strong>: 1 monopolar\u0103, 2 bipolare<br \/>\n<strong>Programe personalizate:<\/strong> Pana la 99 de programe salvate<br \/>\n<strong>Tehnologie Plug &amp; Play:<\/strong> Recunoastere automata a instrumentelor<br \/>\n<strong>Confirmare acustia<\/strong>: Semnal la finalizarea procesului de sigilare<br \/>\n<strong>Compatibilitate cu instrumente specifice: <\/strong>Thermocut (5\/10 mm): Pense reutilizabile pentru taiere si sigilare; Thermoclamp: Pense pentru interventii deschise; Thermocision: Instrumente pentru chirurgie ORL<br \/>\n<strong>Mod Endosection:<\/strong> Putere dedicata pentru polipectomie<br \/>\n<strong>Coagulare cu plasma argon:<\/strong> Pentru chirurgie hepatica si endoscopica<\/p>\n<p><strong>Mod de lucru:<\/strong><br \/>\n<strong>Monopolar<\/strong><br \/>\nTaiere pur\u0103 (CUT) 370 W 300 \u03a9<br \/>\nCUT + Coagulare 80% (CUT80%) 340 W 300 \u03a9<br \/>\nCUT + Coagulare 60% (CUT60%) 330 W 300 \u03a9<br \/>\nCUT + Coagulare 40% (CUT40%) 200 W 300 \u03a9<br \/>\nTaiere \u00eembun\u0103t\u0103\u021bit\u0103 (BLEND) 330 W 300 \u03a9<br \/>\nCoagulare rapid\u0103 (DESICCATE) 210 W 300 \u03a9<br \/>\nCoagulare prin pulverizare (FULGURATE) 100 W 300 \u03a9<br \/>\nCoagulare f\u0103r\u0103 contact (SOFT COAG) 170 W 300 \u03a9<br \/>\nCoagulare pentru endoscopie (ENDO) 200 W 300 \u03a9<br \/>\n<strong>Bipolar<\/strong><br \/>\nCoagulare moale (SOFT COAG) 100 W 150 \u03a9<br \/>\nCoagulare for\u021bat\u0103 (FORCED COAG) 170 W 150 \u03a9<br \/>\nCoagulare cu plasm\u0103 salin\u0103 (PLASMA COAG) 180 W 150 \u03a9<br \/>\nSigilare vase<br \/>\nPutere maxim\u0103 150 W 50 \u03a9<\/p>\n","protected":false},"excerpt":{"rendered":"<p>Electrocauterul SEAL este o unitate de inalta frecventa folosita in timpul interventiilor chirurgicale pentru taierea si cauterizarea vaselor de sange. Prezinta 2 moduri de lucru: monopolar si bipolar.<\/p>\n","protected":false},"featured_media":7601,"template":"","meta":[],"product_brand":[171],"product_cat":[168],"product_tag":[],"class_list":{"0":"post-7592","1":"product","2":"type-product","3":"status-publish","4":"has-post-thumbnail","6":"product_brand-lamidey-noury","7":"product_cat-sisteme-de-electrochirurgie","10":"instock","11":"shipping-taxable","12":"product-type-simple"},"_links":{"self":[{"href":"https:\/\/medhp.ro\/index.php?rest_route=\/wp\/v2\/product\/7592","targetHints":{"allow":["GET"]}}],"collection":[{"href":"https:\/\/medhp.ro\/index.php?rest_route=\/wp\/v2\/product"}],"about":[{"href":"https:\/\/medhp.ro\/index.php?rest_route=\/wp\/v2\/types\/product"}],"version-history":[{"count":4,"href":"https:\/\/medhp.ro\/index.php?rest_route=\/wp\/v2\/product\/7592\/revisions"}],"predecessor-version":[{"id":7711,"href":"https:\/\/medhp.ro\/index.php?rest_route=\/wp\/v2\/product\/7592\/revisions\/7711"}],"wp:featuredmedia":[{"embeddable":true,"href":"https:\/\/medhp.ro\/index.php?rest_route=\/wp\/v2\/media\/7601"}],"wp:attachment":[{"href":"https:\/\/medhp.ro\/index.php?rest_route=%2Fwp%2Fv2%2Fmedia&parent=7592"}],"wp:term":[{"taxonomy":"product_brand","embeddable":true,"href":"https:\/\/medhp.ro\/index.php?rest_route=%2Fwp%2Fv2%2Fproduct_brand&post=7592"},{"taxonomy":"product_cat","embeddable":true,"href":"https:\/\/medhp.ro\/index.php?rest_route=%2Fwp%2Fv2%2Fproduct_cat&post=7592"},{"taxonomy":"product_tag","embeddable":true,"href":"https:\/\/medhp.ro\/index.php?rest_route=%2Fwp%2Fv2%2Fproduct_tag&post=7592"}],"curies":[{"name":"wp","href":"https:\/\/api.w.org\/{rel}","templated":true}]}}