{"id":7511,"date":"2025-05-12T21:04:55","date_gmt":"2025-05-12T19:04:55","guid":{"rendered":"https:\/\/medhp.ro\/?post_type=product&#038;p=7511"},"modified":"2025-05-12T21:04:55","modified_gmt":"2025-05-12T19:04:55","slug":"masa-operatie-opt-surgisystems-30-1","status":"publish","type":"product","link":"https:\/\/medhp.ro\/?product=masa-operatie-opt-surgisystems-30-1","title":{"rendered":"Masa operatie OPT SurgiSystems 30-1"},"content":{"rendered":"<p><strong>PERNE<\/strong><\/p>\n<p>Pernele planului mesei sunt realizate dintr-un material moale, <strong>radiotransparent<\/strong>, <strong>antistatic<\/strong> \u0219i <strong>anti-decubit<\/strong>, cu o form\u0103 ergonomic\u0103. Grosimea de aproximativ <strong>60 mm<\/strong> permite pozi\u021bionarea confortabil\u0103 a pacientului, chiar \u0219i \u00een timpul interven\u021biilor chirurgicale de durat\u0103.<br \/>\nToate pernele planului mesei <strong>OPT 30\/1<\/strong>, ale sec\u021biunilor sale, precum \u0219i accesoriile disponibile sunt <strong>f\u0103r\u0103 latex<\/strong>.<\/p>\n<p><strong>RADIOTRANSPAREN\u021a\u0102<\/strong><\/p>\n<p>Radiotransparen\u021ba perfect\u0103 a sec\u021biunilor planului mesei permite expunerea optim\u0103 a tuturor p\u0103r\u021bilor corpului \u0219i utilizarea facil\u0103 a <strong>intensificatorului de imagine<\/strong>. Aplicarea pl\u0103cilor din <strong>fibr\u0103 de carbon<\/strong> ofer\u0103 o <strong>radiotransparen\u021b\u0103 total\u0103<\/strong>.<\/p>\n<p><strong>MODULARITATE<\/strong><\/p>\n<p>Planul mesei poate fi compus din <strong>8 sec\u021biuni<\/strong> (7 \u00een configura\u021bia standard):<\/p>\n<ul>\n<li>Sec\u021biune pentru cap rabatabil\u0103 \u0219i deta\u0219abil\u0103, cu o singur\u0103 articula\u021bie<\/li>\n<li>Sec\u021biune pentru spate rabatabil\u0103 manual<\/li>\n<li>Sec\u021biune pelvin\u0103<\/li>\n<li>Plac\u0103 de prelungire pentru pelvis<\/li>\n<li>Sec\u021biune unic\u0103 pentru picioare, \u00een dou\u0103 sau patru p\u0103r\u021bi, cu deschidere lateral\u0103, rabatabil\u0103 manual \u0219i deta\u0219abil\u0103<\/li>\n<\/ul>\n<p>Sec\u021biunea spatelui \u0219i cea a picioarelor sunt rabatabile manual \u0219i dotate cu <strong>arcuri cu gaz<\/strong>, care pot fi blocate printr-o <strong>p\u00e2rghie<\/strong>.<\/p>\n<p><strong>ERGONOMIE \u0218I PRACTICITATE<\/strong><\/p>\n<p>Masa de opera\u021bie <strong>OPT 30\/1<\/strong> a fost proiectat\u0103 pentru a <strong>simplifica pozi\u021bionarea pacientului<\/strong>, oferind operatorului suport tehnic prin urm\u0103toarele facilit\u0103\u021bi:<\/p>\n<ul>\n<li>Posibilitatea de alegere \u00eentre <strong>patru sisteme de control<\/strong> (unitate integrat\u0103 \u00een coloan\u0103, telecomand\u0103 cu fir, telecomand\u0103 cu infraro\u0219u, pedal\u0103)<\/li>\n<li>Sisteme de control cu <strong>butoane u\u0219or de citit<\/strong><\/li>\n<li><strong>Flexibilitate extrem\u0103<\/strong> datorit\u0103 gamei largi de accesorii, care permit adaptarea mesei la orice interven\u021bie chirurgical\u0103<\/li>\n<li><strong>Cur\u0103\u021bare facil\u0103<\/strong><\/li>\n<li>Dimensiuni reduse, pentru un <strong>acces optim la masa de opera\u021bie<\/strong><\/li>\n<\/ul>\n<p><strong>CUR\u0102\u021aARE \u0218I DEZINFECTARE<\/strong><\/p>\n<p>Materialele utilizate \u0219i ergonomia mesei <strong>OPT 30\/1<\/strong> permit <strong>cur\u0103\u021barea \u0219i dezinfectarea extrem de u\u0219oar\u0103<\/strong> a acesteia.<\/p>\n<p><strong>UNIT\u0102\u021aI DE COMAND\u0102<\/strong><\/p>\n<p>Masa <strong>OPT 30\/1<\/strong> poate fi ac\u021bionat\u0103 cu ajutorul urm\u0103toarelor unit\u0103\u021bi de control:<\/p>\n<ul>\n<li>Unitate de comand\u0103 integrat\u0103, cu afi\u0219aj \u0219i indica\u021bii<\/li>\n<li>Telecomand\u0103 cu fir<\/li>\n<li>Pedal\u0103 de comand\u0103<\/li>\n<\/ul>\n<p><strong>MI\u0218C\u0102RI<\/strong><\/p>\n<p>Masa de opera\u021bie <strong>OPT 30\/1<\/strong> dispune de <strong>3 mi\u0219c\u0103ri electrice<\/strong>:<br \/>\n<strong>Mi\u0219c\u0103ri electro-hidraulice<\/strong>:<\/p>\n<ul>\n<li>Varia\u021bia \u00een\u0103l\u021bimii (f\u0103r\u0103 perne): 650 &#8211; 1010 mm<\/li>\n<li>Trendelenburg \/ Trendelenburg invers: \u00b130\u00b0<\/li>\n<li>\u00cenclinare bilateral\u0103: \u00b120\u00b0<\/li>\n<\/ul>\n<p><strong>Mi\u0219c\u0103ri manuale<\/strong>:<\/p>\n<ul>\n<li>\u00cenclinarea sec\u021biunii inferioare a spatelui: +73\u00b0 \/ -35\u00b0<\/li>\n<li>\u00cenclinarea sec\u021biunii picioarelor: +25\u00b0 \/ -90\u00b0<\/li>\n<li>\u00cenclinarea sec\u021biunii capului: +35\u00b0 \/ -55\u00b0<\/li>\n<li>Deschiderea sec\u021biunii picioarelor<\/li>\n<li>Elevator pentru trunchi (model <strong>OPT 30\/1 tip B<\/strong>): <strong>manivel\u0103 manual\u0103<\/strong><\/li>\n<\/ul>\n<p><strong>CARACTERISTICI GENERALE<\/strong><\/p>\n<ul>\n<li>Greutatea maxim\u0103 a pacientului: <strong>270 kg<\/strong><\/li>\n<\/ul>\n<p><strong>ACCESORII<\/strong><\/p>\n<p>Masa de opera\u021bie <strong>OPT 30\/1<\/strong> dispune de un set <strong>foarte larg de accesorii<\/strong>, care o fac potrivit\u0103 pentru toate specialit\u0103\u021bile chirurgicale moderne:<\/p>\n<ul>\n<li>Anestezie<\/li>\n<li>Chirurgie general\u0103 \u0219i chirurgie de zi<\/li>\n<li>Ginecologie, Urologie \u0219i Proctologie<\/li>\n<li>Chirurgie vascular\u0103<\/li>\n<li>Ortopedie \u0219i Traumatologie<\/li>\n<li>Neurochirurgie \u0219i ORL<\/li>\n<\/ul>\n<p>De asemenea, masa <strong>OPT 30\/1<\/strong> ofer\u0103 <strong>linii de accesorii dedicate<\/strong> unor nevoi chirurgicale specifice:<\/p>\n<ul>\n<li>Accesorii <strong>radiotransparente<\/strong> \u0219i \/ sau din <strong>fibr\u0103 de carbon<\/strong><\/li>\n<li>Accesorii pentru <strong>pacien\u021bi obezi<\/strong><\/li>\n<li>Accesorii pentru <strong>pediatrie<\/strong><\/li>\n<\/ul>\n<p>&nbsp;<\/p>\n<p>&nbsp;<\/p>\n","protected":false},"excerpt":{"rendered":"<p><strong>Caracteristici :<\/strong><\/p>\n<p>Masa de opera\u021bie OPT 30\/1 este fabricat\u0103 din o\u021bel inoxidabil \u0219i material de \u00eenalt\u0103 calitate tratat pe suprafa\u021b\u0103 cu proceduri de ultim\u0103 genera\u021bie, cum ar fi electropolizarea pentru o\u021bel inoxidabil, pentru a cre\u0219te rezisten\u021ba la oxidare, asigur\u00e2nd o durat\u0103 de via\u021b\u0103 mai lung\u0103 a mesei \u0219i o rezisten\u021b\u0103 mai mare la produsele antibacteriene.<\/p>\n<p>Masa de opera\u021bie OPT 30\/1 are un dispozitiv de urgen\u021b\u0103 cu pomp\u0103 extern\u0103 (op\u021bional), care permite deplasarea mesei \u00een caz de urgen\u021b\u0103 sau \u00een absen\u021ba curentului electric.<\/p>\n<p>Masa de opera\u021bie OPT 30\/1, cu toate accesoriile disponibile, poate fi utilizat\u0103 pentru toate procedurile chirurgicale f\u0103r\u0103 deosebire.<\/p>\n<p>Coloana este completat\u0103 cu o unitate de control integrat\u0103 care permite toate mi\u0219c\u0103rile electrice.<\/p>\n<p>Masa de opera\u021bie OPT 30\/1 are o capacitate de greutate de 250 kg greutatea pacientului.<\/p>\n","protected":false},"featured_media":7512,"template":"","meta":[],"product_brand":[161],"product_cat":[165],"product_tag":[],"class_list":{"0":"post-7511","1":"product","2":"type-product","3":"status-publish","4":"has-post-thumbnail","6":"product_brand-opt-surgisystems","7":"product_cat-mese-operatie","10":"instock","11":"shipping-taxable","12":"product-type-simple"},"_links":{"self":[{"href":"https:\/\/medhp.ro\/index.php?rest_route=\/wp\/v2\/product\/7511","targetHints":{"allow":["GET"]}}],"collection":[{"href":"https:\/\/medhp.ro\/index.php?rest_route=\/wp\/v2\/product"}],"about":[{"href":"https:\/\/medhp.ro\/index.php?rest_route=\/wp\/v2\/types\/product"}],"version-history":[{"count":1,"href":"https:\/\/medhp.ro\/index.php?rest_route=\/wp\/v2\/product\/7511\/revisions"}],"predecessor-version":[{"id":7513,"href":"https:\/\/medhp.ro\/index.php?rest_route=\/wp\/v2\/product\/7511\/revisions\/7513"}],"wp:featuredmedia":[{"embeddable":true,"href":"https:\/\/medhp.ro\/index.php?rest_route=\/wp\/v2\/media\/7512"}],"wp:attachment":[{"href":"https:\/\/medhp.ro\/index.php?rest_route=%2Fwp%2Fv2%2Fmedia&parent=7511"}],"wp:term":[{"taxonomy":"product_brand","embeddable":true,"href":"https:\/\/medhp.ro\/index.php?rest_route=%2Fwp%2Fv2%2Fproduct_brand&post=7511"},{"taxonomy":"product_cat","embeddable":true,"href":"https:\/\/medhp.ro\/index.php?rest_route=%2Fwp%2Fv2%2Fproduct_cat&post=7511"},{"taxonomy":"product_tag","embeddable":true,"href":"https:\/\/medhp.ro\/index.php?rest_route=%2Fwp%2Fv2%2Fproduct_tag&post=7511"}],"curies":[{"name":"wp","href":"https:\/\/api.w.org\/{rel}","templated":true}]}}