{"id":7311,"date":"2025-05-01T00:32:50","date_gmt":"2025-04-30T22:32:50","guid":{"rendered":"https:\/\/medhp.ro\/?post_type=product&#038;p=7311"},"modified":"2025-05-14T10:14:12","modified_gmt":"2025-05-14T08:14:12","slug":"pat-favero-hypercare-9li80lts","status":"publish","type":"product","link":"https:\/\/medhp.ro\/?product=pat-favero-hypercare-9li80lts","title":{"rendered":"Pat FAVERO Hypercare 9LI80LTS"},"content":{"rendered":"<p><strong>Laterale split (zona capului)<\/strong>: Comenzi interne pentru pacient si externe pentru operatori integrate<br \/>\n<strong>Functii disponibile pacientului<\/strong> :Reglare spatar, autocontur, sectiune coapsa, inaltime pat<br \/>\n<strong>Func\u021bii operator suplimentare:<\/strong> Blocare misc\u0103ri nedorite + pozitii presetate: Trendelenburg, Anti-Trendelenburg, Soc, CPR, Pozitie fotoliu, Pozitie vizita, Inclinare laterala, Lumini (de curtoazie, sus\/jos), buton general panou<br \/>\n<strong>Display tactil integrat: <\/strong>Control total al miscarilor, afisare greutate, alarme iesire din pat, modificare greutate pacient<br \/>\n<strong>Roti:<\/strong> 4 roti duble (1 antistatica), \u00d8150 mm, lavabile, cu sistem de blocare simultan si directional<br \/>\n<strong>Baterie de rezerva:<\/strong> Permite toate func\u021biile \u00een caz de pan\u0103 de curent; avertizare sonor\u0103 la &lt; 20% baterie<br \/>\n<strong>Sistem de cantarire integrat: <\/strong>4 celule de sarcin\u0103 \u00een col\u021buri; precizie 50g (0\u2013150kg), 100g (150\u2013300kg); IP54<br \/>\n<strong>Functii cantar:<\/strong> Zero initial\/manual, tare automata, afisare\/blocare tare, adaugare\/scadere greutate, alarme, cod numeric<br \/>\n<strong>Standard cantarire:<\/strong> Conform EN 45501:2015 (instrumente neautomate)<br \/>\n<strong>Dimensiuni totale: <\/strong>2180 x 970 mm<br \/>\n<strong>Dimensiuni platforma<\/strong>: 1920 x 860 mm<br \/>\n<strong>Unghi spatar:<\/strong> 70\u00b0<br \/>\n<strong>Unghi sectiune coapsa:<\/strong> 0\u00b0 \u2013 36\u00b0<br \/>\n<strong>Translatie spate\/coapsa: <\/strong>180 mm<br \/>\n<strong>Reglare inal\u021bime: <\/strong>480 \u2013 810 mm<br \/>\n<strong>Trendelenburg \/ Anti-Trendelenburg<\/strong> : +14\u00b0 \/ -14\u00b0<br \/>\n<strong>Inclinare laterala<\/strong>:\u00a0 \u00b115\u00b0<br \/>\n<strong>Sarcina de lucru sigura<\/strong> <strong>(SWL):<\/strong>\u00a0 310 kg<br \/>\n<strong>Capacitate de ridicare: <\/strong>350 kg<br \/>\n<strong>Greutate maxima pacient<\/strong>: 250 kg<br \/>\n<strong>Standard dispozitiv medical: <\/strong>CEI UNI EN 60601-2-52; Directiva 2014\/31\/UE (NAWI); Clasa I, subclasa Im<\/p>\n<p>&nbsp;<\/p>\n<p>&nbsp;<\/p>\n","protected":false},"excerpt":{"rendered":"<p>Pat de spital electric cu inclinare laterala, dotat cu laterale rabatabile tip split, cu comenzi integrate interne pentru pacient si externe pentru personalul medical (in zona capului) si cu un sistem brevetat detasabil (in zona picioarelor). Toate componentele principale din plastic (lamelele platformei, panourile lateralelor, tablile de cap si de picioare) sunt realizate prin tehnologie de suflare din plastic PE-HD (polietilena de inalta densitate) cu aditivi antimicrobieni integra\u021bi \u00een masa, extrem de rezistenti, fara latex si complet reciclabili.<br \/>\nPrezenta aditivilor antibacterieni in masa garanteaza cele mai inalte standarde de control al contaminarii bacteriene pe toata durata de via\u021ba a produsului.<br \/>\nPlatforma patului este articulata \u00een trei puncte \u0219i formata din patru sectiuni : sectiunea spatelui este realizata din material HPL radiotransparent (dimensiuni 700&#215;510 mm), elelalte sectiuni (pelvis, coapsa \u0219i gamba) sunt fabricate din elemente monobloc turnate (lamele) din material plastic lavabil si reciclabil, fara muchii ascutite, fixate ferm pe cadrul patului printr-un mecanism de prindere si usor detasabile.<br \/>\nPatul este echipat cu 4 laterale split, care se pot cobori cu miscare amortizata folosind un maner de eliberare.<br \/>\nCele 2 laterale din zona picioarelor pot fi \u00eendepartate usor fara unelte, prin simpla apasare a unui buton, facilitand astfel dezinfectarea profunda\u00a0sau utilizarea de echipamente langa pat. Pe lateralele externe sunt montati indicatori de unghi pentru inclinarea spatarului si pozitia Trendelenburg.<br \/>\nLateralalele sunt prevazute cu zone de prindere ergonomice, usor de apucat de catre personalul medical sau de pacient, pentru a sprijini coborarea din pat.<\/p>\n","protected":false},"featured_media":7312,"template":"","meta":[],"product_brand":[158],"product_cat":[150],"product_tag":[],"class_list":{"0":"post-7311","1":"product","2":"type-product","3":"status-publish","4":"has-post-thumbnail","6":"product_brand-favero","7":"product_cat-mobilier_medical","10":"instock","11":"shipping-taxable","12":"product-type-simple"},"_links":{"self":[{"href":"https:\/\/medhp.ro\/index.php?rest_route=\/wp\/v2\/product\/7311","targetHints":{"allow":["GET"]}}],"collection":[{"href":"https:\/\/medhp.ro\/index.php?rest_route=\/wp\/v2\/product"}],"about":[{"href":"https:\/\/medhp.ro\/index.php?rest_route=\/wp\/v2\/types\/product"}],"version-history":[{"count":7,"href":"https:\/\/medhp.ro\/index.php?rest_route=\/wp\/v2\/product\/7311\/revisions"}],"predecessor-version":[{"id":7762,"href":"https:\/\/medhp.ro\/index.php?rest_route=\/wp\/v2\/product\/7311\/revisions\/7762"}],"wp:featuredmedia":[{"embeddable":true,"href":"https:\/\/medhp.ro\/index.php?rest_route=\/wp\/v2\/media\/7312"}],"wp:attachment":[{"href":"https:\/\/medhp.ro\/index.php?rest_route=%2Fwp%2Fv2%2Fmedia&parent=7311"}],"wp:term":[{"taxonomy":"product_brand","embeddable":true,"href":"https:\/\/medhp.ro\/index.php?rest_route=%2Fwp%2Fv2%2Fproduct_brand&post=7311"},{"taxonomy":"product_cat","embeddable":true,"href":"https:\/\/medhp.ro\/index.php?rest_route=%2Fwp%2Fv2%2Fproduct_cat&post=7311"},{"taxonomy":"product_tag","embeddable":true,"href":"https:\/\/medhp.ro\/index.php?rest_route=%2Fwp%2Fv2%2Fproduct_tag&post=7311"}],"curies":[{"name":"wp","href":"https:\/\/api.w.org\/{rel}","templated":true}]}}